{"id":82,"date":"2025-04-29T07:47:11","date_gmt":"2025-04-29T10:47:11","guid":{"rendered":"https:\/\/cavalcantelombardiadv.com.br\/?page_id=82"},"modified":"2025-04-29T08:14:58","modified_gmt":"2025-04-29T11:14:58","slug":"responsabilidade-social","status":"publish","type":"page","link":"https:\/\/cavalcantelombardiadv.com.br\/index.php\/responsabilidade-social\/","title":{"rendered":"Responsabilidade  Social"},"content":{"rendered":"\n<p>Na Cavalcante e Lombardia Advocacia e Consultoria Jur\u00eddica, acreditamos que a pr\u00e1tica da advocacia vai al\u00e9m da defesa dos interesses dos nossos clientes: \u00e9 tamb\u00e9m um instrumento de transforma\u00e7\u00e3o social.<\/p>\n\n\n\n<p>Nossa responsabilidade social \u00e9 refletida no compromisso com a \u00e9tica, a promo\u00e7\u00e3o da cidadania e o respeito aos direitos humanos. Atuamos de forma proativa em projetos e a\u00e7\u00f5es que contribuem para uma sociedade mais justa, inclusiva e sustent\u00e1vel.<\/p>\n\n\n\n<p>Entre nossas iniciativas, destacam-se:Atendimento Jur\u00eddico Pro Bono: Prestamos assist\u00eancia gratuita a pessoas em situa\u00e7\u00e3o de vulnerabilidade social, garantindo o acesso \u00e0 justi\u00e7a a quem mais precisa.<\/p>\n\n\n\n<p>Educa\u00e7\u00e3o e Conscientiza\u00e7\u00e3o: Promovemos palestras, workshops e materiais informativos sobre direitos fundamentais, estimulando o conhecimento jur\u00eddico e o empoderamento da sociedade.<\/p>\n\n\n\n<p>Sustentabilidade: Adotamos pr\u00e1ticas internas que reduzem o impacto ambiental, como uso consciente de recursos e incentivo ao digital para minimizar o consumo de papel.<\/p>\n\n\n\n<p>Parcerias com Entidades Sociais: Colaboramos com institui\u00e7\u00f5es e projetos sociais que compartilham nossos valores de responsabilidade e solidariedade.<\/p>\n\n\n\n<p>Acreditamos que o direito \u00e9 uma ferramenta poderosa de transforma\u00e7\u00e3o e assumimos, com orgulho, nossa parcela de responsabilidade na constru\u00e7\u00e3o de um futuro melhor.<\/p>\n\n\n\n<p>Cavalcante e Lombardia Advocacia e Consultoria Jur\u00eddicaCompromisso com a Justi\u00e7a, a \u00c9tica e a Sociedade.<\/p>\n\n\n\n<figure class=\"wp-block-image size-large\"><img loading=\"lazy\" decoding=\"async\" width=\"1024\" height=\"768\" src=\"https:\/\/cavalcantelombardiadv.com.br\/wp-content\/uploads\/2025\/04\/ga99d4ff33cef849e2c730a005a383bbeec0573e2e7d61a439afe9ceca81777ee5c6f3295fa7e57372ddd9935a5f212d172d352213c61af9c4fe459379689f84c_1280-2388500-1024x768.jpg\" alt=\"lady justice, legal, law, justice, symbol, lawyer, balance, scale, attorney, law office, scales of justice lady, legal, legal, law, law, law, law, law, justice, lawyer, lawyer, lawyer\" class=\"wp-image-89\" srcset=\"https:\/\/cavalcantelombardiadv.com.br\/wp-content\/uploads\/2025\/04\/ga99d4ff33cef849e2c730a005a383bbeec0573e2e7d61a439afe9ceca81777ee5c6f3295fa7e57372ddd9935a5f212d172d352213c61af9c4fe459379689f84c_1280-2388500-1024x768.jpg 1024w, https:\/\/cavalcantelombardiadv.com.br\/wp-content\/uploads\/2025\/04\/ga99d4ff33cef849e2c730a005a383bbeec0573e2e7d61a439afe9ceca81777ee5c6f3295fa7e57372ddd9935a5f212d172d352213c61af9c4fe459379689f84c_1280-2388500-300x225.jpg 300w, https:\/\/cavalcantelombardiadv.com.br\/wp-content\/uploads\/2025\/04\/ga99d4ff33cef849e2c730a005a383bbeec0573e2e7d61a439afe9ceca81777ee5c6f3295fa7e57372ddd9935a5f212d172d352213c61af9c4fe459379689f84c_1280-2388500-768x576.jpg 768w, https:\/\/cavalcantelombardiadv.com.br\/wp-content\/uploads\/2025\/04\/ga99d4ff33cef849e2c730a005a383bbeec0573e2e7d61a439afe9ceca81777ee5c6f3295fa7e57372ddd9935a5f212d172d352213c61af9c4fe459379689f84c_1280-2388500.jpg 1280w\" sizes=\"auto, (max-width: 1024px) 100vw, 1024px\" \/><\/figure>\n","protected":false},"excerpt":{"rendered":"<p>Na Cavalcante e Lombardia Advocacia e Consultoria Jur\u00eddica, acreditamos que a pr\u00e1tica da advocacia vai al\u00e9m da defesa dos interesses [&hellip;]<\/p>\n","protected":false},"author":1,"featured_media":0,"parent":0,"menu_order":0,"comment_status":"closed","ping_status":"closed","template":"","meta":{"site-sidebar-layout":"default","site-content-layout":"","ast-site-content-layout":"","site-content-style":"default","site-sidebar-style":"default","ast-global-header-display":"","ast-banner-title-visibility":"","ast-main-header-display":"","ast-hfb-above-header-display":"","ast-hfb-below-header-display":"","ast-hfb-mobile-header-display":"","site-post-title":"","ast-breadcrumbs-content":"","ast-featured-img":"","footer-sml-layout":"","theme-transparent-header-meta":"","adv-header-id-meta":"","stick-header-meta":"","header-above-stick-meta":"","header-main-stick-meta":"","header-below-stick-meta":"","astra-migrate-meta-layouts":"default","ast-page-background-enabled":"default","ast-page-background-meta":{"desktop":{"background-color":"var(--ast-global-color-5)","background-image":"","background-repeat":"repeat","background-position":"center center","background-size":"auto","background-attachment":"scroll","background-type":"","background-media":"","overlay-type":"","overlay-color":"","overlay-opacity":"","overlay-gradient":""},"tablet":{"background-color":"","background-image":"","background-repeat":"repeat","background-position":"center center","background-size":"auto","background-attachment":"scroll","background-type":"","background-media":"","overlay-type":"","overlay-color":"","overlay-opacity":"","overlay-gradient":""},"mobile":{"background-color":"","background-image":"","background-repeat":"repeat","background-position":"center center","background-size":"auto","background-attachment":"scroll","background-type":"","background-media":"","overlay-type":"","overlay-color":"","overlay-opacity":"","overlay-gradient":""}},"ast-content-background-meta":{"desktop":{"background-color":"var(--ast-global-color-4)","background-image":"","background-repeat":"repeat","background-position":"center center","background-size":"auto","background-attachment":"scroll","background-type":"","background-media":"","overlay-type":"","overlay-color":"","overlay-opacity":"","overlay-gradient":""},"tablet":{"background-color":"var(--ast-global-color-4)","background-image":"","background-repeat":"repeat","background-position":"center center","background-size":"auto","background-attachment":"scroll","background-type":"","background-media":"","overlay-type":"","overlay-color":"","overlay-opacity":"","overlay-gradient":""},"mobile":{"background-color":"var(--ast-global-color-4)","background-image":"","background-repeat":"repeat","background-position":"center center","background-size":"auto","background-attachment":"scroll","background-type":"","background-media":"","overlay-type":"","overlay-color":"","overlay-opacity":"","overlay-gradient":""}},"footnotes":""},"class_list":["post-82","page","type-page","status-publish","hentry"],"_links":{"self":[{"href":"https:\/\/cavalcantelombardiadv.com.br\/index.php\/wp-json\/wp\/v2\/pages\/82","targetHints":{"allow":["GET"]}}],"collection":[{"href":"https:\/\/cavalcantelombardiadv.com.br\/index.php\/wp-json\/wp\/v2\/pages"}],"about":[{"href":"https:\/\/cavalcantelombardiadv.com.br\/index.php\/wp-json\/wp\/v2\/types\/page"}],"author":[{"embeddable":true,"href":"https:\/\/cavalcantelombardiadv.com.br\/index.php\/wp-json\/wp\/v2\/users\/1"}],"replies":[{"embeddable":true,"href":"https:\/\/cavalcantelombardiadv.com.br\/index.php\/wp-json\/wp\/v2\/comments?post=82"}],"version-history":[{"count":4,"href":"https:\/\/cavalcantelombardiadv.com.br\/index.php\/wp-json\/wp\/v2\/pages\/82\/revisions"}],"predecessor-version":[{"id":97,"href":"https:\/\/cavalcantelombardiadv.com.br\/index.php\/wp-json\/wp\/v2\/pages\/82\/revisions\/97"}],"wp:attachment":[{"href":"https:\/\/cavalcantelombardiadv.com.br\/index.php\/wp-json\/wp\/v2\/media?parent=82"}],"curies":[{"name":"wp","href":"https:\/\/api.w.org\/{rel}","templated":true}]}}