{"id":7,"date":"2025-04-28T15:45:09","date_gmt":"2025-04-28T18:45:09","guid":{"rendered":"http:\/\/cavalcantelombardiadv.com.br\/?page_id=7"},"modified":"2025-04-29T11:43:27","modified_gmt":"2025-04-29T14:43:27","slug":"home","status":"publish","type":"page","link":"https:\/\/cavalcantelombardiadv.com.br\/","title":{"rendered":"Home"},"content":{"rendered":"\n<div class=\"wp-block-cover alignfull wp-duotone-midnight\" style=\"min-height:720px;aspect-ratio:unset;\"><img decoding=\"async\" class=\"wp-block-cover__image-background wp-image-41 size-full\" alt=\"\" src=\"https:\/\/cavalcantelombardiadv.com.br\/wp-content\/uploads\/2025\/04\/direito-trabalhista-1.png\" data-object-fit=\"cover\"\/><span aria-hidden=\"true\" class=\"wp-block-cover__background has-background-dim wp-block-cover__gradient-background has-background-gradient\" style=\"background:linear-gradient(135deg,rgb(2,3,129) 0%,rgb(23,4,48) 69%,rgb(40,116,252) 100%)\"><\/span><div class=\"wp-block-cover__inner-container is-layout-flow wp-block-cover-is-layout-flow\">\n<h1 class=\"wp-block-heading has-text-align-center has-white-color has-text-color\">Cavalcante &amp; Lombardi<\/h1>\n\n\n\n<div class=\"inherit-container-width wp-block-group alignwide is-layout-constrained wp-block-group-is-layout-constrained\">\n<div class=\"wp-block-buttons is-content-justification-center is-layout-flex wp-container-core-buttons-is-layout-a89b3969 wp-block-buttons-is-layout-flex\"><\/div>\n\n\n\n<h3 class=\"wp-block-heading has-text-align-center\">Advocacia &amp; Consultoria Jur\u00eddica<\/h3>\n<\/div>\n<\/div><\/div>\n\n\n\n<div class=\"wp-block-group is-vertical is-content-justification-center is-layout-flex wp-container-core-group-is-layout-ce155fab wp-block-group-is-layout-flex\">\n<p class=\"has-text-align-center\"><strong>N\u00e3o deixe seus direitos para depois. Agende agora sua consulta e conte com uma equipe pronta para defender seus interesses com excel\u00eancia.<\/strong><font _mstmutation=\"1\"><\/font><\/p>\n\n\n\n<div class=\"wp-block-group has-ast-global-color-5-background-color has-background is-nowrap is-layout-flex wp-container-core-group-is-layout-a40fa4a2 wp-block-group-is-layout-flex\" style=\"padding-bottom:0px\">\n<div class=\"wp-block-buttons is-content-justification-center is-layout-flex wp-container-core-buttons-is-layout-a89b3969 wp-block-buttons-is-layout-flex\">\n<div class=\"wp-block-button is-style-outline is-style-outline--1\"><a class=\"wp-block-button__link wp-element-button\" href=\"https:\/\/wa.me\/5511980564382\"><font _mstmutation=\"1\" _msttexthash=\"6097\" _msthash=\"10326\">Contato<\/font><\/a><\/div>\n<\/div>\n\n\n\n<div class=\"wp-block-buttons is-layout-flex wp-block-buttons-is-layout-flex\">\n<div class=\"wp-block-button is-style-outline is-style-outline--2\"><a class=\"wp-block-button__link wp-element-button\" href=\"https:\/\/wa.me\/5518996131526\"><font _mstmutation=\"1\" _msttexthash=\"6097\" _msthash=\"10326\">Contato<\/font><\/a><\/div>\n<\/div>\n\n\n\n<div class=\"wp-block-buttons is-content-justification-center is-layout-flex wp-container-core-buttons-is-layout-a89b3969 wp-block-buttons-is-layout-flex\"><\/div>\n<\/div>\n<\/div>\n\n\n\n<figure class=\"wp-block-image alignfull size-large\"><img loading=\"lazy\" decoding=\"async\" width=\"1024\" height=\"682\" src=\"https:\/\/cavalcantelombardiadv.com.br\/wp-content\/uploads\/2025\/04\/gc11ce18e26a85c13b664c69db53890720ceb3cf3edb8c0f168d70d2cbe2190bb37938196e636552184e9b335d45c0fc63039e50fbc9796211a87c95bcb30c786_1280-4926156-1024x682.jpg\" alt=\"right, law, attorney, justice, the court, the regulation, law, law, law, law, law, justice\" class=\"wp-image-45\" srcset=\"https:\/\/cavalcantelombardiadv.com.br\/wp-content\/uploads\/2025\/04\/gc11ce18e26a85c13b664c69db53890720ceb3cf3edb8c0f168d70d2cbe2190bb37938196e636552184e9b335d45c0fc63039e50fbc9796211a87c95bcb30c786_1280-4926156-1024x682.jpg 1024w, https:\/\/cavalcantelombardiadv.com.br\/wp-content\/uploads\/2025\/04\/gc11ce18e26a85c13b664c69db53890720ceb3cf3edb8c0f168d70d2cbe2190bb37938196e636552184e9b335d45c0fc63039e50fbc9796211a87c95bcb30c786_1280-4926156-300x200.jpg 300w, https:\/\/cavalcantelombardiadv.com.br\/wp-content\/uploads\/2025\/04\/gc11ce18e26a85c13b664c69db53890720ceb3cf3edb8c0f168d70d2cbe2190bb37938196e636552184e9b335d45c0fc63039e50fbc9796211a87c95bcb30c786_1280-4926156-768x512.jpg 768w, https:\/\/cavalcantelombardiadv.com.br\/wp-content\/uploads\/2025\/04\/gc11ce18e26a85c13b664c69db53890720ceb3cf3edb8c0f168d70d2cbe2190bb37938196e636552184e9b335d45c0fc63039e50fbc9796211a87c95bcb30c786_1280-4926156.jpg 1280w\" sizes=\"auto, (max-width: 1024px) 100vw, 1024px\" \/><\/figure>\n\n\n\n<div class=\"wp-block-group alignfull is-layout-constrained wp-container-core-group-is-layout-45b0ac4f wp-block-group-is-layout-constrained\" id=\"services\" style=\"padding-top:144px;padding-bottom:0px\">\n<h1 class=\"wp-block-heading has-text-align-center\">\u00c1reas de Atendimento<\/h1>\n\n\n\n<div class=\"wp-block-columns is-layout-flex wp-container-core-columns-is-layout-60cbf9bb wp-block-columns-is-layout-flex\" style=\"margin-top:50px\">\n<div class=\"wp-block-column is-layout-flow wp-container-core-column-is-layout-6b73ce23 wp-block-column-is-layout-flow\">\n<p>Direito do Trabalho: Defesa dos direitos de empregados e empregadores, com foco em rela\u00e7\u00f5es trabalhistas equilibradas e justas.<\/p>\n\n\n\n<p><strong>Direito Previdenci\u00e1rio:<\/strong> Acompanhamento completo em benef\u00edcios do INSS, aposentadorias, revis\u00f5es e defesas administrativas e judiciais.<\/p>\n\n\n\n<p><strong>Direito do Consumidor:<\/strong> Prote\u00e7\u00e3o dos direitos do consumidor em rela\u00e7\u00f5es de consumo, contratos, cobran\u00e7as indevidas e indeniza\u00e7\u00f5es.<\/p>\n\n\n\n<p><strong>Direito de Fam\u00edlia:<\/strong> Assessoria em processos de div\u00f3rcio, guarda, alimentos, regulamenta\u00e7\u00e3o de visitas e invent\u00e1rios, sempre com sensibilidade e responsabilidade.<\/p>\n\n\n\n<p><strong>Direito de Tr\u00e2nsito:<\/strong> Atua\u00e7\u00e3o em defesas administrativas e judiciais, multas, suspens\u00e3o de CNH e indeniza\u00e7\u00f5es decorrentes de acidentes.<\/p>\n\n\n\n<p><strong>Direito Banc\u00e1rio:<\/strong> Defesa dos interesses de clientes em rela\u00e7\u00e3o a contratos banc\u00e1rios, cobran\u00e7as abusivas, financiamentos e revis\u00f5es de d\u00edvidas.<\/p>\n\n\n\n<p><font _mstmutation=\"1\"><\/font>Nosso diferencial \u00e9 o atendimento humanizado, estrat\u00e9gico e eficiente, com uma equipe preparada para enfrentar os desafios com \u00e9tica, seriedade e profundo conhecimento jur\u00eddico.<\/p>\n\n\n\n<p><strong>Conte conosco para representar seus direitos com seguran\u00e7a e responsabilidade.<\/strong><\/p>\n\n\n\n<p><\/p>\n\n\n\n<p class=\"has-text-align-center\"><strong>Cavalcante &amp; Lombardi Advocacia e Consultoria Jur\u00eddica<\/strong><br><em>Compromisso que faz a diferen\u00e7a.<\/em><\/p>\n<\/div>\n<\/div>\n<\/div>\n\n\n\n<p><\/p>\n\n\n\n<p><\/p>\n\n\n\n<div class=\"wp-block-group alignfull has-ast-global-color-5-background-color has-background is-layout-constrained wp-container-core-group-is-layout-94d206d0 wp-block-group-is-layout-constrained\" id=\"about\" style=\"padding-top:143px;padding-bottom:144px\">\n<div class=\"wp-block-columns alignfull are-vertically-aligned-top is-layout-flex wp-container-core-columns-is-layout-28f84493 wp-block-columns-is-layout-flex\">\n<div class=\"wp-block-column is-layout-flow wp-block-column-is-layout-flow\" style=\"flex-basis:50%\">\n<h2 class=\"wp-block-heading\">Nossa Equipe<\/h2>\n\n\n\n<p><\/p>\n\n\n\n<p><\/p>\n\n\n\n<p><font _mstmutation=\"1\" _msttexthash=\"17615\" _msthash=\"1528\">Em <\/font><strong _msttexthash=\"2028299\" _msthash=\"1529\">Cavalcante &amp; Lombardi Advocacia e Consultoria Jur\u00eddica<\/strong><font _mstmutation=\"1\" _msttexthash=\"49695555\" _msthash=\"1530\">, contamos com uma equipe de advogados altamente capacitados, comprometidos com a excel\u00eancia t\u00e9cnica e a \u00e9tica profissional. Nosso time \u00e9 formado por especialistas em diversas \u00e1reas do Direito, o que nos permite oferecer solu\u00e7\u00f5es jur\u00eddicas completas, estrat\u00e9gicas e personalizadas para cada cliente.<\/font><\/p>\n\n\n\n<p class=\"has-text-align-left\">Cada membro da nossa equipe \u00e9 dedicado \u00e0 atualiza\u00e7\u00e3o constante e \u00e0 busca das melhores pr\u00e1ticas jur\u00eddicas, assegurando um atendimento pautado na responsabilidade, no respeito e na efici\u00eancia. Atuamos de forma integrada, unindo conhecimentos em <strong>Direito do Trabalho, Direito Previdenci\u00e1rio, Direito do Consumidor, Direito de Fam\u00edlia, Direito de Tr\u00e2nsito e Direito Banc\u00e1rio<\/strong>, para oferecer um servi\u00e7o jur\u00eddico s\u00f3lido e de alta qualidade.<\/p>\n\n\n\n<p class=\"has-text-align-left\">Nosso prop\u00f3sito \u00e9 construir rela\u00e7\u00f5es de confian\u00e7a e alcan\u00e7ar os melhores resultados para nossos clientes, sempre com transpar\u00eancia, agilidade e dedica\u00e7\u00e3o.<font _mstmutation=\"1\"><\/font><\/p>\n<\/div>\n\n\n\n<div class=\"wp-block-column is-layout-flow wp-block-column-is-layout-flow\" style=\"flex-basis:50%\">\n<figure class=\"wp-block-image is-resized\"><img loading=\"lazy\" decoding=\"async\" width=\"682\" height=\"1024\" src=\"https:\/\/cavalcantelombardiadv.com.br\/wp-content\/uploads\/2025\/04\/gf7109a292d66d6ae13dd065d9bb53121ab11919942f25e7370eeda31a9c895b2d1139fcf9e327fe72bf27e2220cb333f003889dc0aba166ed7801d8727c6e10d_1280-4944558-682x1024.jpg\" alt=\"right, advocacy, lex, attorney, jura, justice, the regulation, bookshelf, paragraph, cool, law, symbol, goddess, justitia, the court, the case-law, woman, europe, bronze, the fair, business, horizontal, jus, statue, female, advocacy, attorney, justice, law, law, law, law, law\" class=\"wp-image-38\" style=\"width:529px;height:auto\" srcset=\"https:\/\/cavalcantelombardiadv.com.br\/wp-content\/uploads\/2025\/04\/gf7109a292d66d6ae13dd065d9bb53121ab11919942f25e7370eeda31a9c895b2d1139fcf9e327fe72bf27e2220cb333f003889dc0aba166ed7801d8727c6e10d_1280-4944558-682x1024.jpg 682w, https:\/\/cavalcantelombardiadv.com.br\/wp-content\/uploads\/2025\/04\/gf7109a292d66d6ae13dd065d9bb53121ab11919942f25e7370eeda31a9c895b2d1139fcf9e327fe72bf27e2220cb333f003889dc0aba166ed7801d8727c6e10d_1280-4944558-200x300.jpg 200w, https:\/\/cavalcantelombardiadv.com.br\/wp-content\/uploads\/2025\/04\/gf7109a292d66d6ae13dd065d9bb53121ab11919942f25e7370eeda31a9c895b2d1139fcf9e327fe72bf27e2220cb333f003889dc0aba166ed7801d8727c6e10d_1280-4944558-768x1152.jpg 768w, https:\/\/cavalcantelombardiadv.com.br\/wp-content\/uploads\/2025\/04\/gf7109a292d66d6ae13dd065d9bb53121ab11919942f25e7370eeda31a9c895b2d1139fcf9e327fe72bf27e2220cb333f003889dc0aba166ed7801d8727c6e10d_1280-4944558.jpg 853w\" sizes=\"auto, (max-width: 682px) 100vw, 682px\" \/><\/figure>\n<\/div>\n<\/div>\n\n\n\n<p><font _mstmutation=\"1\"><\/font><\/p>\n\n\n\n<p><font _mstmutation=\"1\"><\/font><\/p>\n\n\n\n<p class=\"has-text-align-center\"><\/p>\n\n\n\n<h3 class=\"wp-block-heading has-text-align-center\"><strong>Cavalcante &amp; Lombardi Advocacia e Consultoria Jur\u00eddica<\/strong>:<br><em>Uma equipe preparada para defender seus direitos com seriedade e excel\u00eancia.<\/em><\/h3>\n\n\n\n<div class=\"wp-block-group alignfull is-layout-constrained wp-container-core-group-is-layout-3fee123f wp-block-group-is-layout-constrained\" id=\"whyus\" style=\"padding-top:144px;padding-bottom:144px\">\n<h2 class=\"wp-block-heading has-text-align-center\">Por Que Nos Escolher?<\/h2>\n\n\n\n<div class=\"wp-block-columns is-layout-flex wp-container-core-columns-is-layout-29aadeec wp-block-columns-is-layout-flex\" style=\"margin-top:60px\">\n<div class=\"wp-block-column is-layout-flow wp-container-core-column-is-layout-6b73ce23 wp-block-column-is-layout-flow\">\n<figure class=\"wp-block-image size-large\"><img decoding=\"async\" src=\"https:\/\/cavalcantelombardiadv.com.br\/wp-content\/themes\/astra\/inc\/assets\/images\/starter-content\/passionate.svg\" alt=\"\" class=\"wp-image-162\"\/><\/figure>\n\n\n\n<h3 class=\"wp-block-heading\" style=\"margin-top:16px\">Paix\u00e3o<\/h3>\n\n\n\n<p><\/p>\n\n\n\n<p>S<font _mstmutation=\"1\" _msttexthash=\"63323325\" _msthash=\"6239\">omos mais do que advogados: somos apaixonados pelo Direito e pela miss\u00e3o de transformar vidas atrav\u00e9s da justi\u00e7a. Nosso compromisso vai al\u00e9m da atua\u00e7\u00e3o t\u00e9cnica \u2014 buscamos compreender verdadeiramente as necessidades de cada cliente, oferecendo solu\u00e7\u00f5es jur\u00eddicas eficientes, \u00e9ticas e humanas.<\/font><\/p>\n\n\n\n<p>Atuamos com dedica\u00e7\u00e3o total, porque acreditamos que cada caso merece aten\u00e7\u00e3o exclusiva e respeito. Nossa paix\u00e3o pela advocacia nos motiva a lutar incansavelmente pelos direitos dos nossos clientes, sempre com responsabilidade, transpar\u00eancia e excel\u00eancia.<\/p>\n\n\n\n<p><strong>Escolher a Cavalcante &amp; Lombardi \u00e9 contar com uma equipe que tem orgulho do que faz e coloca o seu interesse em primeiro lugar.<\/strong><font _mstmutation=\"1\"><\/font><\/p>\n<\/div>\n\n\n\n<div class=\"wp-block-column is-layout-flow wp-container-core-column-is-layout-6b73ce23 wp-block-column-is-layout-flow\">\n<figure class=\"wp-block-image size-large\"><img decoding=\"async\" src=\"https:\/\/cavalcantelombardiadv.com.br\/wp-content\/themes\/astra\/inc\/assets\/images\/starter-content\/professional.svg\" alt=\"\" class=\"wp-image-163\"\/><\/figure>\n\n\n\n<h3 class=\"wp-block-heading\" style=\"margin-top:16px\">Profissional<\/h3>\n\n\n\n<p><\/p>\n\n\n\n<p>Aliamos conhecimento t\u00e9cnico, constante atualiza\u00e7\u00e3o e atendimento personalizado, oferecendo solu\u00e7\u00f5es jur\u00eddicas seguras, estrat\u00e9gicas e eficazes. Nossa atua\u00e7\u00e3o \u00e9 pautada pela \u00e9tica, transpar\u00eancia e responsabilidade, garantindo aos nossos clientes a confian\u00e7a necess\u00e1ria em todos os momentos.<\/p>\n\n\n\n<p><strong>Escolha a Cavalcante &amp; Lombardi e tenha ao seu lado profissionais dedicados, preparados e verdadeiramente comprometidos com a busca dos melhores resultados.<\/strong><font _mstmutation=\"1\"><\/font><\/p>\n<\/div>\n\n\n\n<div class=\"wp-block-column is-layout-flow wp-container-core-column-is-layout-6b73ce23 wp-block-column-is-layout-flow\">\n<figure class=\"wp-block-image size-large\"><img decoding=\"async\" src=\"https:\/\/cavalcantelombardiadv.com.br\/wp-content\/themes\/astra\/inc\/assets\/images\/starter-content\/support.svg\" alt=\"\" class=\"wp-image-164\"\/><\/figure>\n\n\n\n<h3 class=\"wp-block-heading\" style=\"margin-top:16px\">Apoio<\/h3>\n\n\n\n<p><\/p>\n\n\n\n<p>Acreditamos que o apoio ao cliente vai muito al\u00e9m da atua\u00e7\u00e3o t\u00e9cnica. Estamos ao seu lado em cada fase do processo, oferecendo n\u00e3o apenas conhecimento jur\u00eddico especializado, mas tamb\u00e9m suporte, orienta\u00e7\u00e3o e seguran\u00e7a em momentos decisivos.<\/p>\n\n\n\n<p>Com atendimento personalizado e comunica\u00e7\u00e3o clara, nossa equipe garante que cada cliente se sinta amparado, informado e confiante nas estrat\u00e9gias adotadas. Nosso compromisso \u00e9 construir rela\u00e7\u00f5es de confian\u00e7a e oferecer apoio jur\u00eddico s\u00f3lido, do in\u00edcio ao fim da demanda.<\/p>\n\n\n\n<p><strong>Cavalcante &amp; Lombardi Advocacia \u2014 Apoio, excel\u00eancia e comprometimento em cada passo do seu caminho jur\u00eddico.<\/strong><font _mstmutation=\"1\"><\/font><\/p>\n\n\n\n<p><font _mstmutation=\"1\"><\/font><\/p>\n<\/div>\n<\/div>\n<\/div>\n\n\n\n<div id=\"contact\" class=\"wp-block-group has-background is-layout-constrained wp-container-core-group-is-layout-cfcca693 wp-block-group-is-layout-constrained\" style=\"background:linear-gradient(35deg,rgb(6,0,151) 0%,rgb(130,4,255) 64%,rgb(193,15,255) 98%);padding-top:104px;padding-bottom:104px\">\n<figure class=\"wp-block-image aligncenter size-large is-resized\"><img loading=\"lazy\" decoding=\"async\" width=\"1024\" height=\"1024\" src=\"https:\/\/cavalcantelombardiadv.com.br\/wp-content\/uploads\/2025\/04\/Logo-CL-Advocacia-1-1024x1024.jpg\" alt=\"\" class=\"wp-image-11\" style=\"width:140px;height:auto\" srcset=\"https:\/\/cavalcantelombardiadv.com.br\/wp-content\/uploads\/2025\/04\/Logo-CL-Advocacia-1-1024x1024.jpg 1024w, https:\/\/cavalcantelombardiadv.com.br\/wp-content\/uploads\/2025\/04\/Logo-CL-Advocacia-1-300x300.jpg 300w, https:\/\/cavalcantelombardiadv.com.br\/wp-content\/uploads\/2025\/04\/Logo-CL-Advocacia-1-150x150.jpg 150w, https:\/\/cavalcantelombardiadv.com.br\/wp-content\/uploads\/2025\/04\/Logo-CL-Advocacia-1-768x768.jpg 768w, https:\/\/cavalcantelombardiadv.com.br\/wp-content\/uploads\/2025\/04\/Logo-CL-Advocacia-1.jpg 1440w\" sizes=\"auto, (max-width: 1024px) 100vw, 1024px\" \/><\/figure>\n\n\n\n<div class=\"wp-block-group is-nowrap is-layout-flex wp-container-core-group-is-layout-f66f9956 wp-block-group-is-layout-flex\">\n<div class=\"wp-block-group is-layout-constrained wp-block-group-is-layout-constrained\">\n<h5 class=\"wp-block-heading has-text-align-center has-text-color\" style=\"color:#ffffff\"><strong><font _mstmutation=\"1\" _msttexthash=\"17745949\" _msthash=\"13090\">&#8220;Cavalcante &amp; Lombardi Advocacia e Consultoria Jur\u00eddica \u2014 compromisso com a excel\u00eancia, dedica\u00e7\u00e3o aos nossos clientes e paix\u00e3o pela Justi\u00e7a.<\/font><\/strong><strong _msttexthash=\"780468\" _msthash=\"13065\">&#8221;<\/strong><\/h5>\n\n\n\n<p class=\"has-text-align-center\"><strong>\u00a9 2025 Cavalcante &amp; Lombardi Advocacia. Todos os direitos reservados.<\/strong><\/p>\n\n\n\n<div class=\"wp-block-group is-nowrap is-layout-flex wp-container-core-group-is-layout-6c531013 wp-block-group-is-layout-flex\">\n<p class=\"has-text-align-center\"><br>O conte\u00fado deste site \u00e9 protegido por direitos autorais. \u00c9 proibida a reprodu\u00e7\u00e3o total ou parcial, por qualquer meio, sem a autoriza\u00e7\u00e3o pr\u00e9via e expressa dos respons\u00e1veis<\/p>\n<\/div>\n<\/div>\n<\/div>\n\n\n\n<ul class=\"wp-block-social-links aligncenter is-layout-flex wp-block-social-links-is-layout-flex\"><li class=\"wp-social-link wp-social-link-facebook  wp-block-social-link\"><a href=\"https:\/\/www.facebook.com\/people\/Cavalcante-Lombardi\/61574969026282\/\" class=\"wp-block-social-link-anchor\"><svg width=\"24\" height=\"24\" viewBox=\"0 0 24 24\" version=\"1.1\" xmlns=\"http:\/\/www.w3.org\/2000\/svg\" aria-hidden=\"true\" focusable=\"false\"><path d=\"M12 2C6.5 2 2 6.5 2 12c0 5 3.7 9.1 8.4 9.9v-7H7.9V12h2.5V9.8c0-2.5 1.5-3.9 3.8-3.9 1.1 0 2.2.2 2.2.2v2.5h-1.3c-1.2 0-1.6.8-1.6 1.6V12h2.8l-.4 2.9h-2.3v7C18.3 21.1 22 17 22 12c0-5.5-4.5-10-10-10z\"><\/path><\/svg><span class=\"wp-block-social-link-label screen-reader-text\">Facebook<\/span><\/a><\/li>\n\n<li class=\"wp-social-link wp-social-link-instagram  wp-block-social-link\"><a href=\"https:\/\/www.instagram.com\/cavalcantelombardi.advocacia?igsh=aXpwMW81bGR1cm42\" class=\"wp-block-social-link-anchor\"><svg width=\"24\" height=\"24\" viewBox=\"0 0 24 24\" version=\"1.1\" xmlns=\"http:\/\/www.w3.org\/2000\/svg\" aria-hidden=\"true\" focusable=\"false\"><path d=\"M12,4.622c2.403,0,2.688,0.009,3.637,0.052c0.877,0.04,1.354,0.187,1.671,0.31c0.42,0.163,0.72,0.358,1.035,0.673 c0.315,0.315,0.51,0.615,0.673,1.035c0.123,0.317,0.27,0.794,0.31,1.671c0.043,0.949,0.052,1.234,0.052,3.637 s-0.009,2.688-0.052,3.637c-0.04,0.877-0.187,1.354-0.31,1.671c-0.163,0.42-0.358,0.72-0.673,1.035 c-0.315,0.315-0.615,0.51-1.035,0.673c-0.317,0.123-0.794,0.27-1.671,0.31c-0.949,0.043-1.233,0.052-3.637,0.052 s-2.688-0.009-3.637-0.052c-0.877-0.04-1.354-0.187-1.671-0.31c-0.42-0.163-0.72-0.358-1.035-0.673 c-0.315-0.315-0.51-0.615-0.673-1.035c-0.123-0.317-0.27-0.794-0.31-1.671C4.631,14.688,4.622,14.403,4.622,12 s0.009-2.688,0.052-3.637c0.04-0.877,0.187-1.354,0.31-1.671c0.163-0.42,0.358-0.72,0.673-1.035 c0.315-0.315,0.615-0.51,1.035-0.673c0.317-0.123,0.794-0.27,1.671-0.31C9.312,4.631,9.597,4.622,12,4.622 M12,3 C9.556,3,9.249,3.01,8.289,3.054C7.331,3.098,6.677,3.25,6.105,3.472C5.513,3.702,5.011,4.01,4.511,4.511 c-0.5,0.5-0.808,1.002-1.038,1.594C3.25,6.677,3.098,7.331,3.054,8.289C3.01,9.249,3,9.556,3,12c0,2.444,0.01,2.751,0.054,3.711 c0.044,0.958,0.196,1.612,0.418,2.185c0.23,0.592,0.538,1.094,1.038,1.594c0.5,0.5,1.002,0.808,1.594,1.038 c0.572,0.222,1.227,0.375,2.185,0.418C9.249,20.99,9.556,21,12,21s2.751-0.01,3.711-0.054c0.958-0.044,1.612-0.196,2.185-0.418 c0.592-0.23,1.094-0.538,1.594-1.038c0.5-0.5,0.808-1.002,1.038-1.594c0.222-0.572,0.375-1.227,0.418-2.185 C20.99,14.751,21,14.444,21,12s-0.01-2.751-0.054-3.711c-0.044-0.958-0.196-1.612-0.418-2.185c-0.23-0.592-0.538-1.094-1.038-1.594 c-0.5-0.5-1.002-0.808-1.594-1.038c-0.572-0.222-1.227-0.375-2.185-0.418C14.751,3.01,14.444,3,12,3L12,3z M12,7.378 c-2.552,0-4.622,2.069-4.622,4.622S9.448,16.622,12,16.622s4.622-2.069,4.622-4.622S14.552,7.378,12,7.378z M12,15 c-1.657,0-3-1.343-3-3s1.343-3,3-3s3,1.343,3,3S13.657,15,12,15z M16.804,6.116c-0.596,0-1.08,0.484-1.08,1.08 s0.484,1.08,1.08,1.08c0.596,0,1.08-0.484,1.08-1.08S17.401,6.116,16.804,6.116z\"><\/path><\/svg><span class=\"wp-block-social-link-label screen-reader-text\">Instagram<\/span><\/a><\/li>\n\n\n\n\n\n\n\n<\/ul>\n<\/div>\n<\/div>\n\n\n\n<p><\/p>\n\n\n\n<p><\/p>\n","protected":false},"excerpt":{"rendered":"<p>N\u00e3o deixe seus direitos para depois. Agende agora sua consulta e conte com uma equipe pronta para defender seus interesses [&hellip;]<\/p>\n","protected":false},"author":1,"featured_media":0,"parent":0,"menu_order":0,"comment_status":"closed","ping_status":"closed","template":"","meta":{"site-sidebar-layout":"no-sidebar","site-content-layout":"plain-container","ast-site-content-layout":"","site-content-style":"default","site-sidebar-style":"default","ast-global-header-display":"","ast-banner-title-visibility":"","ast-main-header-display":"","ast-hfb-above-header-display":"","ast-hfb-below-header-display":"","ast-hfb-mobile-header-display":"","site-post-title":"disabled","ast-breadcrumbs-content":"","ast-featured-img":"","footer-sml-layout":"","theme-transparent-header-meta":"enabled","adv-header-id-meta":"","stick-header-meta":"","header-above-stick-meta":"","header-main-stick-meta":"","header-below-stick-meta":"","astra-migrate-meta-layouts":"default","ast-page-background-enabled":"default","ast-page-background-meta":{"desktop":{"background-color":"var(--ast-global-color-5)","background-image":"","background-repeat":"repeat","background-position":"center center","background-size":"auto","background-attachment":"scroll","background-type":"","background-media":"","overlay-type":"","overlay-color":"","overlay-opacity":"","overlay-gradient":""},"tablet":{"background-color":"","background-image":"","background-repeat":"repeat","background-position":"center center","background-size":"auto","background-attachment":"scroll","background-type":"","background-media":"","overlay-type":"","overlay-color":"","overlay-opacity":"","overlay-gradient":""},"mobile":{"background-color":"","background-image":"","background-repeat":"repeat","background-position":"center center","background-size":"auto","background-attachment":"scroll","background-type":"","background-media":"","overlay-type":"","overlay-color":"","overlay-opacity":"","overlay-gradient":""}},"ast-content-background-meta":{"desktop":{"background-color":"var(--ast-global-color-4)","background-image":"","background-repeat":"repeat","background-position":"center center","background-size":"auto","background-attachment":"scroll","background-type":"","background-media":"","overlay-type":"","overlay-color":"","overlay-opacity":"","overlay-gradient":""},"tablet":{"background-color":"var(--ast-global-color-4)","background-image":"","background-repeat":"repeat","background-position":"center center","background-size":"auto","background-attachment":"scroll","background-type":"","background-media":"","overlay-type":"","overlay-color":"","overlay-opacity":"","overlay-gradient":""},"mobile":{"background-color":"var(--ast-global-color-4)","background-image":"","background-repeat":"repeat","background-position":"center center","background-size":"auto","background-attachment":"scroll","background-type":"","background-media":"","overlay-type":"","overlay-color":"","overlay-opacity":"","overlay-gradient":""}},"footnotes":""},"class_list":["post-7","page","type-page","status-publish","hentry"],"_links":{"self":[{"href":"https:\/\/cavalcantelombardiadv.com.br\/index.php\/wp-json\/wp\/v2\/pages\/7","targetHints":{"allow":["GET"]}}],"collection":[{"href":"https:\/\/cavalcantelombardiadv.com.br\/index.php\/wp-json\/wp\/v2\/pages"}],"about":[{"href":"https:\/\/cavalcantelombardiadv.com.br\/index.php\/wp-json\/wp\/v2\/types\/page"}],"author":[{"embeddable":true,"href":"https:\/\/cavalcantelombardiadv.com.br\/index.php\/wp-json\/wp\/v2\/users\/1"}],"replies":[{"embeddable":true,"href":"https:\/\/cavalcantelombardiadv.com.br\/index.php\/wp-json\/wp\/v2\/comments?post=7"}],"version-history":[{"count":19,"href":"https:\/\/cavalcantelombardiadv.com.br\/index.php\/wp-json\/wp\/v2\/pages\/7\/revisions"}],"predecessor-version":[{"id":121,"href":"https:\/\/cavalcantelombardiadv.com.br\/index.php\/wp-json\/wp\/v2\/pages\/7\/revisions\/121"}],"wp:attachment":[{"href":"https:\/\/cavalcantelombardiadv.com.br\/index.php\/wp-json\/wp\/v2\/media?parent=7"}],"curies":[{"name":"wp","href":"https:\/\/api.w.org\/{rel}","templated":true}]}}