{"id":49,"date":"2025-04-28T21:37:45","date_gmt":"2025-04-29T00:37:45","guid":{"rendered":"https:\/\/cavalcantelombardiadv.com.br\/?page_id=49"},"modified":"2025-04-28T21:37:45","modified_gmt":"2025-04-29T00:37:45","slug":"artigos-e-publicacoes","status":"publish","type":"page","link":"https:\/\/cavalcantelombardiadv.com.br\/index.php\/artigos-e-publicacoes\/","title":{"rendered":"Artigos e Publica\u00e7\u00f5es"},"content":{"rendered":"\n<p><\/p>\n\n\n\n<p>A <strong>Cavalcante &amp; Lombardi Advocacia e Consultoria Jur\u00eddica<\/strong> acredita que o conhecimento \u00e9 a base para a defesa efetiva dos direitos. Por isso, disponibilizamos esta se\u00e7\u00e3o com conte\u00fados atualizados, an\u00e1lises jur\u00eddicas e orienta\u00e7\u00f5es pr\u00e1ticas sobre temas relevantes nas \u00e1reas em que atuamos.<\/p>\n\n\n\n<p>Nosso objetivo \u00e9 informar, esclarecer e contribuir para que nossos clientes e visitantes estejam sempre bem informados sobre seus direitos e as constantes evolu\u00e7\u00f5es do mundo jur\u00eddico.<\/p>\n\n\n\n<p><strong>Acompanhe nossos artigos e mantenha-se atualizado com informa\u00e7\u00f5es seguras e de qualidade.<\/strong><\/p>\n\n\n\n<figure class=\"wp-block-image size-large\"><img loading=\"lazy\" decoding=\"async\" width=\"1024\" height=\"946\" src=\"https:\/\/cavalcantelombardiadv.com.br\/wp-content\/uploads\/2025\/04\/g4c2ddc9a128eb7b47fa6f39582e5a656cd3e7abf5850683f4ec89622c1427823304cabf001a44cb7a93cb99aad234f6e4cafe1ba78f79ece51d1ff21b488cc31_1280-2596809-1024x946.jpg\" alt=\"books, library, room, school, study, knowledge, education, shelf, light, bulb, books, books, books, library, library, library, library, library, school, school, school, study, study, education, education\" class=\"wp-image-50\" srcset=\"https:\/\/cavalcantelombardiadv.com.br\/wp-content\/uploads\/2025\/04\/g4c2ddc9a128eb7b47fa6f39582e5a656cd3e7abf5850683f4ec89622c1427823304cabf001a44cb7a93cb99aad234f6e4cafe1ba78f79ece51d1ff21b488cc31_1280-2596809-1024x946.jpg 1024w, https:\/\/cavalcantelombardiadv.com.br\/wp-content\/uploads\/2025\/04\/g4c2ddc9a128eb7b47fa6f39582e5a656cd3e7abf5850683f4ec89622c1427823304cabf001a44cb7a93cb99aad234f6e4cafe1ba78f79ece51d1ff21b488cc31_1280-2596809-300x277.jpg 300w, https:\/\/cavalcantelombardiadv.com.br\/wp-content\/uploads\/2025\/04\/g4c2ddc9a128eb7b47fa6f39582e5a656cd3e7abf5850683f4ec89622c1427823304cabf001a44cb7a93cb99aad234f6e4cafe1ba78f79ece51d1ff21b488cc31_1280-2596809-768x710.jpg 768w, https:\/\/cavalcantelombardiadv.com.br\/wp-content\/uploads\/2025\/04\/g4c2ddc9a128eb7b47fa6f39582e5a656cd3e7abf5850683f4ec89622c1427823304cabf001a44cb7a93cb99aad234f6e4cafe1ba78f79ece51d1ff21b488cc31_1280-2596809.jpg 1280w\" sizes=\"auto, (max-width: 1024px) 100vw, 1024px\" \/><\/figure>\n","protected":false},"excerpt":{"rendered":"<p>A Cavalcante &amp; Lombardi Advocacia e Consultoria Jur\u00eddica acredita que o conhecimento \u00e9 a base para a defesa efetiva dos [&hellip;]<\/p>\n","protected":false},"author":1,"featured_media":0,"parent":0,"menu_order":0,"comment_status":"closed","ping_status":"closed","template":"","meta":{"site-sidebar-layout":"default","site-content-layout":"","ast-site-content-layout":"","site-content-style":"default","site-sidebar-style":"default","ast-global-header-display":"","ast-banner-title-visibility":"","ast-main-header-display":"","ast-hfb-above-header-display":"","ast-hfb-below-header-display":"","ast-hfb-mobile-header-display":"","site-post-title":"","ast-breadcrumbs-content":"","ast-featured-img":"","footer-sml-layout":"","theme-transparent-header-meta":"","adv-header-id-meta":"","stick-header-meta":"","header-above-stick-meta":"","header-main-stick-meta":"","header-below-stick-meta":"","astra-migrate-meta-layouts":"default","ast-page-background-enabled":"default","ast-page-background-meta":{"desktop":{"background-color":"var(--ast-global-color-5)","background-image":"","background-repeat":"repeat","background-position":"center center","background-size":"auto","background-attachment":"scroll","background-type":"","background-media":"","overlay-type":"","overlay-color":"","overlay-opacity":"","overlay-gradient":""},"tablet":{"background-color":"","background-image":"","background-repeat":"repeat","background-position":"center center","background-size":"auto","background-attachment":"scroll","background-type":"","background-media":"","overlay-type":"","overlay-color":"","overlay-opacity":"","overlay-gradient":""},"mobile":{"background-color":"","background-image":"","background-repeat":"repeat","background-position":"center center","background-size":"auto","background-attachment":"scroll","background-type":"","background-media":"","overlay-type":"","overlay-color":"","overlay-opacity":"","overlay-gradient":""}},"ast-content-background-meta":{"desktop":{"background-color":"var(--ast-global-color-4)","background-image":"","background-repeat":"repeat","background-position":"center center","background-size":"auto","background-attachment":"scroll","background-type":"","background-media":"","overlay-type":"","overlay-color":"","overlay-opacity":"","overlay-gradient":""},"tablet":{"background-color":"var(--ast-global-color-4)","background-image":"","background-repeat":"repeat","background-position":"center center","background-size":"auto","background-attachment":"scroll","background-type":"","background-media":"","overlay-type":"","overlay-color":"","overlay-opacity":"","overlay-gradient":""},"mobile":{"background-color":"var(--ast-global-color-4)","background-image":"","background-repeat":"repeat","background-position":"center center","background-size":"auto","background-attachment":"scroll","background-type":"","background-media":"","overlay-type":"","overlay-color":"","overlay-opacity":"","overlay-gradient":""}},"footnotes":""},"class_list":["post-49","page","type-page","status-publish","hentry"],"_links":{"self":[{"href":"https:\/\/cavalcantelombardiadv.com.br\/index.php\/wp-json\/wp\/v2\/pages\/49","targetHints":{"allow":["GET"]}}],"collection":[{"href":"https:\/\/cavalcantelombardiadv.com.br\/index.php\/wp-json\/wp\/v2\/pages"}],"about":[{"href":"https:\/\/cavalcantelombardiadv.com.br\/index.php\/wp-json\/wp\/v2\/types\/page"}],"author":[{"embeddable":true,"href":"https:\/\/cavalcantelombardiadv.com.br\/index.php\/wp-json\/wp\/v2\/users\/1"}],"replies":[{"embeddable":true,"href":"https:\/\/cavalcantelombardiadv.com.br\/index.php\/wp-json\/wp\/v2\/comments?post=49"}],"version-history":[{"count":1,"href":"https:\/\/cavalcantelombardiadv.com.br\/index.php\/wp-json\/wp\/v2\/pages\/49\/revisions"}],"predecessor-version":[{"id":51,"href":"https:\/\/cavalcantelombardiadv.com.br\/index.php\/wp-json\/wp\/v2\/pages\/49\/revisions\/51"}],"wp:attachment":[{"href":"https:\/\/cavalcantelombardiadv.com.br\/index.php\/wp-json\/wp\/v2\/media?parent=49"}],"curies":[{"name":"wp","href":"https:\/\/api.w.org\/{rel}","templated":true}]}}