{"id":33,"date":"2025-04-28T16:36:25","date_gmt":"2025-04-28T19:36:25","guid":{"rendered":"https:\/\/cavalcantelombardiadv.com.br\/?page_id=33"},"modified":"2025-04-28T16:36:25","modified_gmt":"2025-04-28T19:36:25","slug":"contato","status":"publish","type":"page","link":"https:\/\/cavalcantelombardiadv.com.br\/index.php\/contato\/","title":{"rendered":"Contato"},"content":{"rendered":"\n<p><strong>Entre em contato e agende uma consulta. Ser\u00e1 uma honra atender \u00e0s suas necessidades jur\u00eddicas com excel\u00eancia e dedica\u00e7\u00e3o.<\/strong><\/p>\n\n\n\n<div class=\"wp-block-media-text is-stacked-on-mobile\" style=\"grid-template-columns:56% auto\"><figure class=\"wp-block-media-text__media\"><img loading=\"lazy\" decoding=\"async\" width=\"1024\" height=\"684\" src=\"https:\/\/cavalcantelombardiadv.com.br\/wp-content\/uploads\/2025\/04\/pexels-photo-8112172-8112172-1024x684.jpg\" alt=\"Close-up of a handshake between two professionals in a modern office setting, emphasizing partnership and agreement.\" class=\"wp-image-34 size-full\" srcset=\"https:\/\/cavalcantelombardiadv.com.br\/wp-content\/uploads\/2025\/04\/pexels-photo-8112172-8112172-1024x684.jpg 1024w, https:\/\/cavalcantelombardiadv.com.br\/wp-content\/uploads\/2025\/04\/pexels-photo-8112172-8112172-300x200.jpg 300w, https:\/\/cavalcantelombardiadv.com.br\/wp-content\/uploads\/2025\/04\/pexels-photo-8112172-8112172-768x513.jpg 768w, https:\/\/cavalcantelombardiadv.com.br\/wp-content\/uploads\/2025\/04\/pexels-photo-8112172-8112172-1536x1025.jpg 1536w, https:\/\/cavalcantelombardiadv.com.br\/wp-content\/uploads\/2025\/04\/pexels-photo-8112172-8112172-2048x1367.jpg 2048w\" sizes=\"auto, (max-width: 1024px) 100vw, 1024px\" \/><\/figure><div class=\"wp-block-media-text__content\">\n<p class=\"has-ast-global-color-2-color has-text-color has-link-color wp-elements-baad010934d62d848af19caa0171eb0a\"><strong>Dr. Marcelo Cavalcante da Silva <\/strong><\/p>\n\n\n\n<p class=\"has-ast-global-color-2-color has-text-color has-link-color wp-elements-2d71f9b9793c27e1e20ffddc0863f707\">(11) 98056-4382<\/p>\n\n\n\n<p class=\"has-ast-global-color-2-color has-text-color has-link-color wp-elements-cca7988db7d39a2319eff1b8d70e6936\">E-mail: dr.marcelo@cavalcantelombardiadv.com.br<\/p>\n\n\n\n<p class=\"has-ast-global-color-2-color has-text-color has-link-color wp-elements-1d20ff000cabf73430a04287052ab4bf\"><\/p>\n\n\n\n<div class=\"wp-block-buttons is-content-justification-left is-layout-flex wp-container-core-buttons-is-layout-fc4fd283 wp-block-buttons-is-layout-flex\">\n<div class=\"wp-block-button\"><a class=\"wp-block-button__link wp-element-button\" href=\"https:\/\/wa.me\/5511980564382\">Agende aqui<\/a><\/div>\n<\/div>\n\n\n\n<p><\/p>\n\n\n\n<p class=\"has-ast-global-color-2-color has-text-color has-link-color wp-elements-611573e4ee423f8fcb042c70d45c5dca\"><strong>Dra. Sandra Rodrigues Lombardi<\/strong><\/p>\n\n\n\n<p class=\"has-ast-global-color-2-color has-text-color has-link-color wp-elements-0e1052313a5027e0dcf2b8bd39e349c5\">E-mail: dra.sandra@cavalcantelombardiadv.com.br<\/p>\n\n\n\n<p class=\"has-ast-global-color-2-color has-text-color has-link-color wp-elements-a30f96c38828f303e518381124bf657d\">(18) 99613-1526<\/p>\n\n\n\n<p class=\"has-ast-global-color-2-color has-text-color has-link-color wp-elements-1d20ff000cabf73430a04287052ab4bf\"><\/p>\n\n\n\n<div class=\"wp-block-buttons is-content-justification-left is-layout-flex wp-container-core-buttons-is-layout-fc4fd283 wp-block-buttons-is-layout-flex\">\n<div class=\"wp-block-button\"><a class=\"wp-block-button__link has-text-align-center wp-element-button\" href=\"https:\/\/wa.me\/5518996131526\">Agende aqui<\/a><\/div>\n<\/div>\n\n\n\n<p><\/p>\n\n\n\n<p class=\"has-ast-global-color-2-color has-text-color has-link-color wp-elements-fcaa116e0f2def8770c390d8576f5ab5\">contato@cavalcantelombardiadv.com.br<\/p>\n<\/div><\/div>\n\n\n\n<p><\/p>\n","protected":false},"excerpt":{"rendered":"<p>Entre em contato e agende uma consulta. Ser\u00e1 uma honra atender \u00e0s suas necessidades jur\u00eddicas com excel\u00eancia e dedica\u00e7\u00e3o.<\/p>\n","protected":false},"author":1,"featured_media":0,"parent":0,"menu_order":0,"comment_status":"closed","ping_status":"closed","template":"","meta":{"site-sidebar-layout":"default","site-content-layout":"","ast-site-content-layout":"","site-content-style":"default","site-sidebar-style":"default","ast-global-header-display":"","ast-banner-title-visibility":"","ast-main-header-display":"","ast-hfb-above-header-display":"","ast-hfb-below-header-display":"","ast-hfb-mobile-header-display":"","site-post-title":"","ast-breadcrumbs-content":"","ast-featured-img":"","footer-sml-layout":"","theme-transparent-header-meta":"","adv-header-id-meta":"","stick-header-meta":"","header-above-stick-meta":"","header-main-stick-meta":"","header-below-stick-meta":"","astra-migrate-meta-layouts":"default","ast-page-background-enabled":"default","ast-page-background-meta":{"desktop":{"background-color":"var(--ast-global-color-5)","background-image":"","background-repeat":"repeat","background-position":"center center","background-size":"auto","background-attachment":"scroll","background-type":"","background-media":"","overlay-type":"","overlay-color":"","overlay-opacity":"","overlay-gradient":""},"tablet":{"background-color":"","background-image":"","background-repeat":"repeat","background-position":"center center","background-size":"auto","background-attachment":"scroll","background-type":"","background-media":"","overlay-type":"","overlay-color":"","overlay-opacity":"","overlay-gradient":""},"mobile":{"background-color":"","background-image":"","background-repeat":"repeat","background-position":"center center","background-size":"auto","background-attachment":"scroll","background-type":"","background-media":"","overlay-type":"","overlay-color":"","overlay-opacity":"","overlay-gradient":""}},"ast-content-background-meta":{"desktop":{"background-color":"var(--ast-global-color-4)","background-image":"","background-repeat":"repeat","background-position":"center center","background-size":"auto","background-attachment":"scroll","background-type":"","background-media":"","overlay-type":"","overlay-color":"","overlay-opacity":"","overlay-gradient":""},"tablet":{"background-color":"var(--ast-global-color-4)","background-image":"","background-repeat":"repeat","background-position":"center center","background-size":"auto","background-attachment":"scroll","background-type":"","background-media":"","overlay-type":"","overlay-color":"","overlay-opacity":"","overlay-gradient":""},"mobile":{"background-color":"var(--ast-global-color-4)","background-image":"","background-repeat":"repeat","background-position":"center center","background-size":"auto","background-attachment":"scroll","background-type":"","background-media":"","overlay-type":"","overlay-color":"","overlay-opacity":"","overlay-gradient":""}},"footnotes":""},"class_list":["post-33","page","type-page","status-publish","hentry"],"_links":{"self":[{"href":"https:\/\/cavalcantelombardiadv.com.br\/index.php\/wp-json\/wp\/v2\/pages\/33","targetHints":{"allow":["GET"]}}],"collection":[{"href":"https:\/\/cavalcantelombardiadv.com.br\/index.php\/wp-json\/wp\/v2\/pages"}],"about":[{"href":"https:\/\/cavalcantelombardiadv.com.br\/index.php\/wp-json\/wp\/v2\/types\/page"}],"author":[{"embeddable":true,"href":"https:\/\/cavalcantelombardiadv.com.br\/index.php\/wp-json\/wp\/v2\/users\/1"}],"replies":[{"embeddable":true,"href":"https:\/\/cavalcantelombardiadv.com.br\/index.php\/wp-json\/wp\/v2\/comments?post=33"}],"version-history":[{"count":1,"href":"https:\/\/cavalcantelombardiadv.com.br\/index.php\/wp-json\/wp\/v2\/pages\/33\/revisions"}],"predecessor-version":[{"id":35,"href":"https:\/\/cavalcantelombardiadv.com.br\/index.php\/wp-json\/wp\/v2\/pages\/33\/revisions\/35"}],"wp:attachment":[{"href":"https:\/\/cavalcantelombardiadv.com.br\/index.php\/wp-json\/wp\/v2\/media?parent=33"}],"curies":[{"name":"wp","href":"https:\/\/api.w.org\/{rel}","templated":true}]}}